{"id":948,"date":"2022-04-12T17:59:42","date_gmt":"2022-04-12T22:59:42","guid":{"rendered":"https:\/\/systematix.com\/secteurs-prive-et-public\/"},"modified":"2026-02-10T17:13:04","modified_gmt":"2026-02-10T22:13:04","slug":"secteurs-prive-et-public","status":"publish","type":"page","link":"https:\/\/systematix.com\/fr\/nos-services\/secteurs-prive-et-public\/","title":{"rendered":"Secteurs priv\u00e9 et public"},"content":{"rendered":"","protected":false},"excerpt":{"rendered":"","protected":false},"author":5,"featured_media":0,"parent":945,"menu_order":0,"comment_status":"closed","ping_status":"closed","template":"templates\/page-pattern-library.php","meta":{"_acf_changed":false,"footnotes":""},"class_list":["post-948","page","type-page","status-publish","hentry"],"acf":[],"yoast_head":"<!-- This site is optimized with the Yoast SEO plugin v26.8 - https:\/\/yoast.com\/product\/yoast-seo-wordpress\/ -->\n<title>Secteurs priv\u00e9 et public - Systematix<\/title>\n<meta name=\"description\" content=\"Besoin d&#039;aide d&#039;experts en services TI dans le service public ou priv\u00e9 ? Profitez de nos 50 ans d&#039;exp\u00e9rience en service conseil informatique.\" \/>\n<meta name=\"robots\" content=\"index, follow, max-snippet:-1, max-image-preview:large, max-video-preview:-1\" \/>\n<link rel=\"canonical\" href=\"https:\/\/systematix.com\/fr\/nos-services\/secteurs-prive-et-public\/\" \/>\n<meta property=\"og:locale\" content=\"fr_FR\" \/>\n<meta property=\"og:type\" content=\"article\" \/>\n<meta property=\"og:title\" content=\"Secteurs priv\u00e9 et public - Systematix\" \/>\n<meta property=\"og:description\" content=\"Besoin d&#039;aide d&#039;experts en services TI dans le service public ou priv\u00e9 ? Profitez de nos 50 ans d&#039;exp\u00e9rience en service conseil informatique.\" \/>\n<meta property=\"og:url\" content=\"https:\/\/systematix.com\/fr\/nos-services\/secteurs-prive-et-public\/\" \/>\n<meta property=\"og:site_name\" content=\"Systematix\" \/>\n<meta property=\"article:modified_time\" content=\"2026-02-10T22:13:04+00:00\" \/>\n<meta name=\"twitter:card\" content=\"summary_large_image\" \/>\n<script type=\"application\/ld+json\" class=\"yoast-schema-graph\">{\"@context\":\"https:\/\/schema.org\",\"@graph\":[{\"@type\":\"WebPage\",\"@id\":\"https:\/\/systematix.com\/fr\/nos-services\/secteurs-prive-et-public\/\",\"url\":\"https:\/\/systematix.com\/fr\/nos-services\/secteurs-prive-et-public\/\",\"name\":\"Secteurs priv\u00e9 et public - Systematix\",\"isPartOf\":{\"@id\":\"https:\/\/systematix.com\/fr\/#website\"},\"datePublished\":\"2022-04-12T22:59:42+00:00\",\"dateModified\":\"2026-02-10T22:13:04+00:00\",\"description\":\"Besoin d'aide d'experts en services TI dans le service public ou priv\u00e9 ? Profitez de nos 50 ans d'exp\u00e9rience en service conseil informatique.\",\"breadcrumb\":{\"@id\":\"https:\/\/systematix.com\/fr\/nos-services\/secteurs-prive-et-public\/#breadcrumb\"},\"inLanguage\":\"fr-FR\",\"potentialAction\":[{\"@type\":\"ReadAction\",\"target\":[\"https:\/\/systematix.com\/fr\/nos-services\/secteurs-prive-et-public\/\"]}]},{\"@type\":\"BreadcrumbList\",\"@id\":\"https:\/\/systematix.com\/fr\/nos-services\/secteurs-prive-et-public\/#breadcrumb\",\"itemListElement\":[{\"@type\":\"ListItem\",\"position\":1,\"name\":\"Home\",\"item\":\"https:\/\/systematix.com\/fr\/accueil\/\"},{\"@type\":\"ListItem\",\"position\":2,\"name\":\"Nos services\",\"item\":\"https:\/\/systematix.com\/fr\/nos-services\/\"},{\"@type\":\"ListItem\",\"position\":3,\"name\":\"Secteurs priv\u00e9 et public\"}]},{\"@type\":\"WebSite\",\"@id\":\"https:\/\/systematix.com\/fr\/#website\",\"url\":\"https:\/\/systematix.com\/fr\/\",\"name\":\"Systematix\",\"description\":\"We are your premium, people-first IT consulting firm.\",\"potentialAction\":[{\"@type\":\"SearchAction\",\"target\":{\"@type\":\"EntryPoint\",\"urlTemplate\":\"https:\/\/systematix.com\/fr\/?s={search_term_string}\"},\"query-input\":{\"@type\":\"PropertyValueSpecification\",\"valueRequired\":true,\"valueName\":\"search_term_string\"}}],\"inLanguage\":\"fr-FR\"}]}<\/script>\n<!-- \/ Yoast SEO plugin. -->","yoast_head_json":{"title":"Secteurs priv\u00e9 et public - Systematix","description":"Besoin d'aide d'experts en services TI dans le service public ou priv\u00e9 ? Profitez de nos 50 ans d'exp\u00e9rience en service conseil informatique.","robots":{"index":"index","follow":"follow","max-snippet":"max-snippet:-1","max-image-preview":"max-image-preview:large","max-video-preview":"max-video-preview:-1"},"canonical":"https:\/\/systematix.com\/fr\/nos-services\/secteurs-prive-et-public\/","og_locale":"fr_FR","og_type":"article","og_title":"Secteurs priv\u00e9 et public - Systematix","og_description":"Besoin d'aide d'experts en services TI dans le service public ou priv\u00e9 ? Profitez de nos 50 ans d'exp\u00e9rience en service conseil informatique.","og_url":"https:\/\/systematix.com\/fr\/nos-services\/secteurs-prive-et-public\/","og_site_name":"Systematix","article_modified_time":"2026-02-10T22:13:04+00:00","twitter_card":"summary_large_image","schema":{"@context":"https:\/\/schema.org","@graph":[{"@type":"WebPage","@id":"https:\/\/systematix.com\/fr\/nos-services\/secteurs-prive-et-public\/","url":"https:\/\/systematix.com\/fr\/nos-services\/secteurs-prive-et-public\/","name":"Secteurs priv\u00e9 et public - Systematix","isPartOf":{"@id":"https:\/\/systematix.com\/fr\/#website"},"datePublished":"2022-04-12T22:59:42+00:00","dateModified":"2026-02-10T22:13:04+00:00","description":"Besoin d'aide d'experts en services TI dans le service public ou priv\u00e9 ? Profitez de nos 50 ans d'exp\u00e9rience en service conseil informatique.","breadcrumb":{"@id":"https:\/\/systematix.com\/fr\/nos-services\/secteurs-prive-et-public\/#breadcrumb"},"inLanguage":"fr-FR","potentialAction":[{"@type":"ReadAction","target":["https:\/\/systematix.com\/fr\/nos-services\/secteurs-prive-et-public\/"]}]},{"@type":"BreadcrumbList","@id":"https:\/\/systematix.com\/fr\/nos-services\/secteurs-prive-et-public\/#breadcrumb","itemListElement":[{"@type":"ListItem","position":1,"name":"Home","item":"https:\/\/systematix.com\/fr\/accueil\/"},{"@type":"ListItem","position":2,"name":"Nos services","item":"https:\/\/systematix.com\/fr\/nos-services\/"},{"@type":"ListItem","position":3,"name":"Secteurs priv\u00e9 et public"}]},{"@type":"WebSite","@id":"https:\/\/systematix.com\/fr\/#website","url":"https:\/\/systematix.com\/fr\/","name":"Systematix","description":"We are your premium, people-first IT consulting firm.","potentialAction":[{"@type":"SearchAction","target":{"@type":"EntryPoint","urlTemplate":"https:\/\/systematix.com\/fr\/?s={search_term_string}"},"query-input":{"@type":"PropertyValueSpecification","valueRequired":true,"valueName":"search_term_string"}}],"inLanguage":"fr-FR"}]}},"_links":{"self":[{"href":"https:\/\/systematix.com\/fr\/wp-json\/wp\/v2\/pages\/948","targetHints":{"allow":["GET"]}}],"collection":[{"href":"https:\/\/systematix.com\/fr\/wp-json\/wp\/v2\/pages"}],"about":[{"href":"https:\/\/systematix.com\/fr\/wp-json\/wp\/v2\/types\/page"}],"author":[{"embeddable":true,"href":"https:\/\/systematix.com\/fr\/wp-json\/wp\/v2\/users\/5"}],"replies":[{"embeddable":true,"href":"https:\/\/systematix.com\/fr\/wp-json\/wp\/v2\/comments?post=948"}],"version-history":[{"count":4,"href":"https:\/\/systematix.com\/fr\/wp-json\/wp\/v2\/pages\/948\/revisions"}],"predecessor-version":[{"id":5327,"href":"https:\/\/systematix.com\/fr\/wp-json\/wp\/v2\/pages\/948\/revisions\/5327"}],"up":[{"embeddable":true,"href":"https:\/\/systematix.com\/fr\/wp-json\/wp\/v2\/pages\/945"}],"wp:attachment":[{"href":"https:\/\/systematix.com\/fr\/wp-json\/wp\/v2\/media?parent=948"}],"curies":[{"name":"wp","href":"https:\/\/api.w.org\/{rel}","templated":true}]}}